{"id":775,"date":"2023-03-11T04:28:46","date_gmt":"2023-03-11T04:28:46","guid":{"rendered":"https:\/\/constructorapancho.com\/?page_id=775"},"modified":"2023-03-14T16:46:29","modified_gmt":"2023-03-14T16:46:29","slug":"construccion-de-viviendas-unifamiliares","status":"publish","type":"page","link":"https:\/\/constructorapancho.com\/?page_id=775","title":{"rendered":"Construcci\u00f3n de viviendas unifamiliares"},"content":{"rendered":"\t\t<div data-elementor-type=\"wp-page\" data-elementor-id=\"775\" class=\"elementor elementor-775\">\n\t\t\t\t\t\t\t\t\t<section class=\"elementor-section elementor-top-section elementor-element elementor-element-cef8186 elementor-section-content-middle elementor-section-boxed elementor-section-height-default elementor-section-height-default\" data-id=\"cef8186\" data-element_type=\"section\">\n\t\t\t\t\t\t<div class=\"elementor-container elementor-column-gap-default\">\n\t\t\t\t\t<div class=\"elementor-column elementor-col-50 elementor-top-column elementor-element elementor-element-a68816e\" data-id=\"a68816e\" data-element_type=\"column\">\n\t\t\t<div class=\"elementor-widget-wrap elementor-element-populated\">\n\t\t\t\t\t\t\t\t<div class=\"elementor-element elementor-element-872ae53 elementor-widget elementor-widget-image\" data-id=\"872ae53\" data-element_type=\"widget\" data-widget_type=\"image.default\">\n\t\t\t\t<div class=\"elementor-widget-container\">\n\t\t\t<style>\/*! elementor - v3.11.3 - 07-03-2023 *\/\n.elementor-widget-image{text-align:center}.elementor-widget-image a{display:inline-block}.elementor-widget-image a img[src$=\".svg\"]{width:48px}.elementor-widget-image img{vertical-align:middle;display:inline-block}<\/style>\t\t\t\t\t\t\t\t\t\t\t\t<img decoding=\"async\" width=\"564\" height=\"564\" src=\"https:\/\/constructorapancho.com\/wp-content\/uploads\/2023\/03\/a358c65d4eb1affa18ba715f3bea2b16.jpg\" class=\"attachment-large size-large wp-image-996\" alt=\"\" loading=\"lazy\" srcset=\"https:\/\/constructorapancho.com\/wp-content\/uploads\/2023\/03\/a358c65d4eb1affa18ba715f3bea2b16.jpg 564w, https:\/\/constructorapancho.com\/wp-content\/uploads\/2023\/03\/a358c65d4eb1affa18ba715f3bea2b16-300x300.jpg 300w, https:\/\/constructorapancho.com\/wp-content\/uploads\/2023\/03\/a358c65d4eb1affa18ba715f3bea2b16-150x150.jpg 150w, https:\/\/constructorapancho.com\/wp-content\/uploads\/2023\/03\/a358c65d4eb1affa18ba715f3bea2b16-100x100.jpg 100w\" sizes=\"(max-width: 564px) 100vw, 564px\" \/>\t\t\t\t\t\t\t\t\t\t\t\t\t\t\t<\/div>\n\t\t\t\t<\/div>\n\t\t\t\t\t<\/div>\n\t\t<\/div>\n\t\t\t\t<div class=\"elementor-column elementor-col-50 elementor-top-column elementor-element elementor-element-2996015\" data-id=\"2996015\" data-element_type=\"column\">\n\t\t\t<div class=\"elementor-widget-wrap elementor-element-populated\">\n\t\t\t\t\t\t\t\t<div class=\"elementor-element elementor-element-99f97df elementor-widget elementor-widget-heading\" data-id=\"99f97df\" data-element_type=\"widget\" data-widget_type=\"heading.default\">\n\t\t\t\t<div class=\"elementor-widget-container\">\n\t\t\t<style>\/*! elementor - v3.11.3 - 07-03-2023 *\/\n.elementor-heading-title{padding:0;margin:0;line-height:1}.elementor-widget-heading .elementor-heading-title[class*=elementor-size-]>a{color:inherit;font-size:inherit;line-height:inherit}.elementor-widget-heading .elementor-heading-title.elementor-size-small{font-size:15px}.elementor-widget-heading .elementor-heading-title.elementor-size-medium{font-size:19px}.elementor-widget-heading .elementor-heading-title.elementor-size-large{font-size:29px}.elementor-widget-heading .elementor-heading-title.elementor-size-xl{font-size:39px}.elementor-widget-heading .elementor-heading-title.elementor-size-xxl{font-size:59px}<\/style><h2 class=\"elementor-heading-title elementor-size-default\">Servicio de construcci\u00f3n de viviendas unifamiliares<\/h2>\t\t<\/div>\n\t\t\t\t<\/div>\n\t\t\t\t<div class=\"elementor-element elementor-element-a990b64 elementor-widget elementor-widget-text-editor\" data-id=\"a990b64\" data-element_type=\"widget\" data-widget_type=\"text-editor.default\">\n\t\t\t\t<div class=\"elementor-widget-container\">\n\t\t\t<style>\/*! elementor - v3.11.3 - 07-03-2023 *\/\n.elementor-widget-text-editor.elementor-drop-cap-view-stacked .elementor-drop-cap{background-color:#818a91;color:#fff}.elementor-widget-text-editor.elementor-drop-cap-view-framed .elementor-drop-cap{color:#818a91;border:3px solid;background-color:transparent}.elementor-widget-text-editor:not(.elementor-drop-cap-view-default) .elementor-drop-cap{margin-top:8px}.elementor-widget-text-editor:not(.elementor-drop-cap-view-default) .elementor-drop-cap-letter{width:1em;height:1em}.elementor-widget-text-editor .elementor-drop-cap{float:left;text-align:center;line-height:1;font-size:50px}.elementor-widget-text-editor .elementor-drop-cap-letter{display:inline-block}<\/style>\t\t\t\t<p>Una vivienda unifamiliar es una vivienda en donde habita una sola familia, generalmente suele ubicarse a los alrededores de la ciudad y permite una mejor distribuci\u00f3n arquitect\u00f3nica a comparaci\u00f3n de las viviendas multifamiliares.<br>En Constructora Pancho nos encargamos en la construcci\u00f3n de su proyecto a la totalidad.<\/p>\t\t\t\t\t\t<\/div>\n\t\t\t\t<\/div>\n\t\t\t\t<div class=\"elementor-element elementor-element-33fc8f1 elementor-widget elementor-widget-button\" data-id=\"33fc8f1\" data-element_type=\"widget\" data-widget_type=\"button.default\">\n\t\t\t\t<div class=\"elementor-widget-container\">\n\t\t\t\t\t<div class=\"elementor-button-wrapper\">\n\t\t\t<a href=\"https:\/\/constructorapancho.com\/?page_id=794\" class=\"elementor-button-link elementor-button elementor-size-sm\" role=\"button\">\n\t\t\t\t\t\t<span class=\"elementor-button-content-wrapper\">\n\t\t\t\t\t\t\t<span class=\"elementor-button-icon elementor-align-icon-right\">\n\t\t\t\t<i aria-hidden=\"true\" class=\"fas fa-arrow-right\"><\/i>\t\t\t<\/span>\n\t\t\t\t\t\t<span class=\"elementor-button-text\">Contactar<\/span>\n\t\t<\/span>\n\t\t\t\t\t<\/a>\n\t\t<\/div>\n\t\t\t\t<\/div>\n\t\t\t\t<\/div>\n\t\t\t\t\t<\/div>\n\t\t<\/div>\n\t\t\t\t\t\t\t<\/div>\n\t\t<\/section>\n\t\t\t\t\t\t\t<\/div>\n\t\t","protected":false},"excerpt":{"rendered":"<p>Servicio de construcci\u00f3n de viviendas unifamiliares Una vivienda unifamiliar es una vivienda en donde habita una sola familia, generalmente suele ubicarse a los alrededores de la ciudad y permite una mejor distribuci\u00f3n arquitect\u00f3nica a comparaci\u00f3n de las viviendas multifamiliares.En Constructora Pancho nos encargamos en la construcci\u00f3n de su proyecto a la totalidad. Contactar<\/p>\n","protected":false},"author":1,"featured_media":0,"parent":0,"menu_order":0,"comment_status":"closed","ping_status":"closed","template":"","meta":{"om_disable_all_campaigns":false,"_uag_custom_page_level_css":"","_mi_skip_tracking":false,"site-sidebar-layout":"no-sidebar","site-content-layout":"page-builder","ast-global-header-display":"","ast-main-header-display":"","ast-hfb-above-header-display":"","ast-hfb-below-header-display":"","ast-hfb-mobile-header-display":"","site-post-title":"disabled","ast-breadcrumbs-content":"","ast-featured-img":"disabled","footer-sml-layout":"","theme-transparent-header-meta":"","adv-header-id-meta":"","stick-header-meta":"","header-above-stick-meta":"","header-main-stick-meta":"","header-below-stick-meta":""},"aioseo_notices":[],"uagb_featured_image_src":{"full":false,"thumbnail":false,"medium":false,"medium_large":false,"large":false,"1536x1536":false,"2048x2048":false,"woocommerce_thumbnail":false,"woocommerce_single":false,"woocommerce_gallery_thumbnail":false},"uagb_author_info":{"display_name":"gonzalonso_u10@outlook.es","author_link":"https:\/\/constructorapancho.com\/?author=1"},"uagb_comment_info":0,"uagb_excerpt":"Servicio de construcci\u00f3n de viviendas unifamiliares Una vivienda unifamiliar es una vivienda en donde habita una sola familia, generalmente suele ubicarse a los alrededores de la ciudad y permite una mejor distribuci\u00f3n arquitect\u00f3nica a comparaci\u00f3n de las viviendas multifamiliares.En Constructora Pancho nos encargamos en la construcci\u00f3n de su proyecto a la totalidad. Contactar","_links":{"self":[{"href":"https:\/\/constructorapancho.com\/index.php?rest_route=\/wp\/v2\/pages\/775"}],"collection":[{"href":"https:\/\/constructorapancho.com\/index.php?rest_route=\/wp\/v2\/pages"}],"about":[{"href":"https:\/\/constructorapancho.com\/index.php?rest_route=\/wp\/v2\/types\/page"}],"author":[{"embeddable":true,"href":"https:\/\/constructorapancho.com\/index.php?rest_route=\/wp\/v2\/users\/1"}],"replies":[{"embeddable":true,"href":"https:\/\/constructorapancho.com\/index.php?rest_route=%2Fwp%2Fv2%2Fcomments&post=775"}],"version-history":[{"count":13,"href":"https:\/\/constructorapancho.com\/index.php?rest_route=\/wp\/v2\/pages\/775\/revisions"}],"predecessor-version":[{"id":1016,"href":"https:\/\/constructorapancho.com\/index.php?rest_route=\/wp\/v2\/pages\/775\/revisions\/1016"}],"wp:attachment":[{"href":"https:\/\/constructorapancho.com\/index.php?rest_route=%2Fwp%2Fv2%2Fmedia&parent=775"}],"curies":[{"name":"wp","href":"https:\/\/api.w.org\/{rel}","templated":true}]}}