{"id":777,"date":"2023-03-11T04:29:19","date_gmt":"2023-03-11T04:29:19","guid":{"rendered":"https:\/\/constructorapancho.com\/?page_id=777"},"modified":"2023-03-14T17:14:46","modified_gmt":"2023-03-14T17:14:46","slug":"construccion-de-vivienda-multifamiliar","status":"publish","type":"page","link":"https:\/\/constructorapancho.com\/?page_id=777","title":{"rendered":"Construcci\u00f3n de vivienda multifamiliar"},"content":{"rendered":"\t\t<div data-elementor-type=\"wp-page\" data-elementor-id=\"777\" class=\"elementor elementor-777\">\n\t\t\t\t\t\t\t\t\t<section class=\"elementor-section elementor-top-section elementor-element elementor-element-5102dba2 elementor-section-content-middle elementor-section-boxed elementor-section-height-default elementor-section-height-default\" data-id=\"5102dba2\" data-element_type=\"section\">\n\t\t\t\t\t\t<div class=\"elementor-container elementor-column-gap-default\">\n\t\t\t\t\t<div class=\"elementor-column elementor-col-50 elementor-top-column elementor-element elementor-element-41b84119\" data-id=\"41b84119\" data-element_type=\"column\">\n\t\t\t<div class=\"elementor-widget-wrap elementor-element-populated\">\n\t\t\t\t\t\t\t\t<div class=\"elementor-element elementor-element-9b5ab06 elementor-widget elementor-widget-image\" data-id=\"9b5ab06\" data-element_type=\"widget\" data-widget_type=\"image.default\">\n\t\t\t\t<div class=\"elementor-widget-container\">\n\t\t\t<style>\/*! elementor - v3.11.3 - 07-03-2023 *\/\n.elementor-widget-image{text-align:center}.elementor-widget-image a{display:inline-block}.elementor-widget-image a img[src$=\".svg\"]{width:48px}.elementor-widget-image img{vertical-align:middle;display:inline-block}<\/style>\t\t\t\t\t\t\t\t\t\t\t\t<img decoding=\"async\" width=\"910\" height=\"683\" src=\"https:\/\/constructorapancho.com\/wp-content\/uploads\/2023\/03\/multi-family-home-villa-rendering-visualization.jpg\" class=\"attachment-large size-large wp-image-1027\" alt=\"\" loading=\"lazy\" srcset=\"https:\/\/constructorapancho.com\/wp-content\/uploads\/2023\/03\/multi-family-home-villa-rendering-visualization.jpg 910w, https:\/\/constructorapancho.com\/wp-content\/uploads\/2023\/03\/multi-family-home-villa-rendering-visualization-300x225.jpg 300w, https:\/\/constructorapancho.com\/wp-content\/uploads\/2023\/03\/multi-family-home-villa-rendering-visualization-768x576.jpg 768w, https:\/\/constructorapancho.com\/wp-content\/uploads\/2023\/03\/multi-family-home-villa-rendering-visualization-600x450.jpg 600w\" sizes=\"(max-width: 910px) 100vw, 910px\" \/>\t\t\t\t\t\t\t\t\t\t\t\t\t\t\t<\/div>\n\t\t\t\t<\/div>\n\t\t\t\t\t<\/div>\n\t\t<\/div>\n\t\t\t\t<div class=\"elementor-column elementor-col-50 elementor-top-column elementor-element elementor-element-479755c9\" data-id=\"479755c9\" data-element_type=\"column\">\n\t\t\t<div class=\"elementor-widget-wrap elementor-element-populated\">\n\t\t\t\t\t\t\t\t<div class=\"elementor-element elementor-element-546d979f elementor-widget elementor-widget-heading\" data-id=\"546d979f\" data-element_type=\"widget\" data-widget_type=\"heading.default\">\n\t\t\t\t<div class=\"elementor-widget-container\">\n\t\t\t<style>\/*! elementor - v3.11.3 - 07-03-2023 *\/\n.elementor-heading-title{padding:0;margin:0;line-height:1}.elementor-widget-heading .elementor-heading-title[class*=elementor-size-]>a{color:inherit;font-size:inherit;line-height:inherit}.elementor-widget-heading .elementor-heading-title.elementor-size-small{font-size:15px}.elementor-widget-heading .elementor-heading-title.elementor-size-medium{font-size:19px}.elementor-widget-heading .elementor-heading-title.elementor-size-large{font-size:29px}.elementor-widget-heading .elementor-heading-title.elementor-size-xl{font-size:39px}.elementor-widget-heading .elementor-heading-title.elementor-size-xxl{font-size:59px}<\/style><h2 class=\"elementor-heading-title elementor-size-default\">Servicio de construcci\u00f3n de viviendas multifamiliares<\/h2>\t\t<\/div>\n\t\t\t\t<\/div>\n\t\t\t\t<div class=\"elementor-element elementor-element-45ea836 elementor-widget elementor-widget-text-editor\" data-id=\"45ea836\" data-element_type=\"widget\" data-widget_type=\"text-editor.default\">\n\t\t\t\t<div class=\"elementor-widget-container\">\n\t\t\t<style>\/*! elementor - v3.11.3 - 07-03-2023 *\/\n.elementor-widget-text-editor.elementor-drop-cap-view-stacked .elementor-drop-cap{background-color:#818a91;color:#fff}.elementor-widget-text-editor.elementor-drop-cap-view-framed .elementor-drop-cap{color:#818a91;border:3px solid;background-color:transparent}.elementor-widget-text-editor:not(.elementor-drop-cap-view-default) .elementor-drop-cap{margin-top:8px}.elementor-widget-text-editor:not(.elementor-drop-cap-view-default) .elementor-drop-cap-letter{width:1em;height:1em}.elementor-widget-text-editor .elementor-drop-cap{float:left;text-align:center;line-height:1;font-size:50px}.elementor-widget-text-editor .elementor-drop-cap-letter{display:inline-block}<\/style>\t\t\t\t<p>Una vivienda multifamiliar es una vivienda en donde habita dos o m\u00e1s familias, generalmente suele ubicarse en el centro de la ciudad.<\/p><ul><li aria-level=\"1\">Cuenta con distintos tipos de vivienda (<b>d\u00faplex, apartamento, loft, \u00e1tico<\/b>, entre otros) en un terreno com\u00fan.<\/li><li aria-level=\"1\">Su tama\u00f1o en metros cuadrados puede variar, por lo general son edificios\u00a0<b>m\u00e1s altos que anchos.<\/b><\/li><li aria-level=\"1\"><b>\u00c1reas compartidas<\/b>\u00a0(estacionamiento, gimnasio, \u00e1reas verdes, ba\u00f1o, cocina, sala, etc\u00e9tera).<\/li><li aria-level=\"1\"><b>Presenta unidad est\u00e9tica<\/b>\u00a0(la fachada es de un solo dise\u00f1o y color).<\/li><li aria-level=\"1\">El due\u00f1o de una casa multifamiliar puede vivir en uno de los compartimentos y\/o alquilar o vender los dem\u00e1s.<\/li><li aria-level=\"1\">Suele estar ubicado en zonas urbanas y comerciales.<\/li><\/ul>\t\t\t\t\t\t<\/div>\n\t\t\t\t<\/div>\n\t\t\t\t<div class=\"elementor-element elementor-element-4109fa41 elementor-widget elementor-widget-button\" data-id=\"4109fa41\" data-element_type=\"widget\" data-widget_type=\"button.default\">\n\t\t\t\t<div class=\"elementor-widget-container\">\n\t\t\t\t\t<div class=\"elementor-button-wrapper\">\n\t\t\t<a href=\"https:\/\/constructorapancho.com\/?page_id=794\" class=\"elementor-button-link elementor-button elementor-size-sm\" role=\"button\">\n\t\t\t\t\t\t<span class=\"elementor-button-content-wrapper\">\n\t\t\t\t\t\t\t<span class=\"elementor-button-icon elementor-align-icon-right\">\n\t\t\t\t<i aria-hidden=\"true\" class=\"fas fa-arrow-right\"><\/i>\t\t\t<\/span>\n\t\t\t\t\t\t<span class=\"elementor-button-text\">Contactar<\/span>\n\t\t<\/span>\n\t\t\t\t\t<\/a>\n\t\t<\/div>\n\t\t\t\t<\/div>\n\t\t\t\t<\/div>\n\t\t\t\t\t<\/div>\n\t\t<\/div>\n\t\t\t\t\t\t\t<\/div>\n\t\t<\/section>\n\t\t\t\t\t\t\t<\/div>\n\t\t","protected":false},"excerpt":{"rendered":"<p>Servicio de construcci\u00f3n de viviendas multifamiliares Una vivienda multifamiliar es una vivienda en donde habita dos o m\u00e1s familias, generalmente suele ubicarse en el centro de la ciudad. Cuenta con distintos tipos de vivienda (d\u00faplex, apartamento, loft, \u00e1tico, entre otros) en un terreno com\u00fan. Su tama\u00f1o en metros cuadrados puede variar, por lo general son &hellip;<\/p>\n<p class=\"read-more\"> <a class=\"\" href=\"https:\/\/constructorapancho.com\/?page_id=777\"> <span class=\"screen-reader-text\">Construcci\u00f3n de vivienda multifamiliar<\/span> Leer m\u00e1s &raquo;<\/a><\/p>\n","protected":false},"author":1,"featured_media":0,"parent":0,"menu_order":0,"comment_status":"closed","ping_status":"closed","template":"","meta":{"om_disable_all_campaigns":false,"_uag_custom_page_level_css":"","_mi_skip_tracking":false,"site-sidebar-layout":"no-sidebar","site-content-layout":"page-builder","ast-global-header-display":"","ast-main-header-display":"","ast-hfb-above-header-display":"","ast-hfb-below-header-display":"","ast-hfb-mobile-header-display":"","site-post-title":"disabled","ast-breadcrumbs-content":"","ast-featured-img":"disabled","footer-sml-layout":"","theme-transparent-header-meta":"","adv-header-id-meta":"","stick-header-meta":"","header-above-stick-meta":"","header-main-stick-meta":"","header-below-stick-meta":""},"aioseo_notices":[],"uagb_featured_image_src":{"full":false,"thumbnail":false,"medium":false,"medium_large":false,"large":false,"1536x1536":false,"2048x2048":false,"woocommerce_thumbnail":false,"woocommerce_single":false,"woocommerce_gallery_thumbnail":false},"uagb_author_info":{"display_name":"gonzalonso_u10@outlook.es","author_link":"https:\/\/constructorapancho.com\/?author=1"},"uagb_comment_info":0,"uagb_excerpt":"Servicio de construcci\u00f3n de viviendas multifamiliares Una vivienda multifamiliar es una vivienda en donde habita dos o m\u00e1s familias, generalmente suele ubicarse en el centro de la ciudad. Cuenta con distintos tipos de vivienda (d\u00faplex, apartamento, loft, \u00e1tico, entre otros) en un terreno com\u00fan. Su tama\u00f1o en metros cuadrados puede variar, por lo general son&hellip;","_links":{"self":[{"href":"https:\/\/constructorapancho.com\/index.php?rest_route=\/wp\/v2\/pages\/777"}],"collection":[{"href":"https:\/\/constructorapancho.com\/index.php?rest_route=\/wp\/v2\/pages"}],"about":[{"href":"https:\/\/constructorapancho.com\/index.php?rest_route=\/wp\/v2\/types\/page"}],"author":[{"embeddable":true,"href":"https:\/\/constructorapancho.com\/index.php?rest_route=\/wp\/v2\/users\/1"}],"replies":[{"embeddable":true,"href":"https:\/\/constructorapancho.com\/index.php?rest_route=%2Fwp%2Fv2%2Fcomments&post=777"}],"version-history":[{"count":7,"href":"https:\/\/constructorapancho.com\/index.php?rest_route=\/wp\/v2\/pages\/777\/revisions"}],"predecessor-version":[{"id":1030,"href":"https:\/\/constructorapancho.com\/index.php?rest_route=\/wp\/v2\/pages\/777\/revisions\/1030"}],"wp:attachment":[{"href":"https:\/\/constructorapancho.com\/index.php?rest_route=%2Fwp%2Fv2%2Fmedia&parent=777"}],"curies":[{"name":"wp","href":"https:\/\/api.w.org\/{rel}","templated":true}]}}