{"id":779,"date":"2023-03-11T04:29:57","date_gmt":"2023-03-11T04:29:57","guid":{"rendered":"https:\/\/constructorapancho.com\/?page_id=779"},"modified":"2023-03-14T17:18:55","modified_gmt":"2023-03-14T17:18:55","slug":"instalaciones-electricas","status":"publish","type":"page","link":"https:\/\/constructorapancho.com\/?page_id=779","title":{"rendered":"Instalaciones el\u00e9ctricas"},"content":{"rendered":"\t\t<div data-elementor-type=\"wp-page\" data-elementor-id=\"779\" class=\"elementor elementor-779\">\n\t\t\t\t\t\t\t\t\t<section class=\"elementor-section elementor-top-section elementor-element elementor-element-5f61e94f elementor-section-content-middle elementor-section-boxed elementor-section-height-default elementor-section-height-default\" data-id=\"5f61e94f\" data-element_type=\"section\">\n\t\t\t\t\t\t<div class=\"elementor-container elementor-column-gap-default\">\n\t\t\t\t\t<div class=\"elementor-column elementor-col-50 elementor-top-column elementor-element elementor-element-5e652f67\" data-id=\"5e652f67\" data-element_type=\"column\">\n\t\t\t<div class=\"elementor-widget-wrap elementor-element-populated\">\n\t\t\t\t\t\t\t\t<div class=\"elementor-element elementor-element-4da3cbe5 elementor-widget elementor-widget-image\" data-id=\"4da3cbe5\" data-element_type=\"widget\" data-widget_type=\"image.default\">\n\t\t\t\t<div class=\"elementor-widget-container\">\n\t\t\t<style>\/*! elementor - v3.11.3 - 07-03-2023 *\/\n.elementor-widget-image{text-align:center}.elementor-widget-image a{display:inline-block}.elementor-widget-image a img[src$=\".svg\"]{width:48px}.elementor-widget-image img{vertical-align:middle;display:inline-block}<\/style>\t\t\t\t\t\t\t\t\t\t\t\t<img decoding=\"async\" width=\"1024\" height=\"537\" src=\"https:\/\/constructorapancho.com\/wp-content\/uploads\/2023\/03\/PQS-MEJORA-DE-ELECTRICIDAD-1024x537.jpg\" class=\"attachment-large size-large wp-image-1032\" alt=\"\" loading=\"lazy\" srcset=\"https:\/\/constructorapancho.com\/wp-content\/uploads\/2023\/03\/PQS-MEJORA-DE-ELECTRICIDAD-1024x537.jpg 1024w, https:\/\/constructorapancho.com\/wp-content\/uploads\/2023\/03\/PQS-MEJORA-DE-ELECTRICIDAD-300x157.jpg 300w, https:\/\/constructorapancho.com\/wp-content\/uploads\/2023\/03\/PQS-MEJORA-DE-ELECTRICIDAD-768x403.jpg 768w, https:\/\/constructorapancho.com\/wp-content\/uploads\/2023\/03\/PQS-MEJORA-DE-ELECTRICIDAD-600x315.jpg 600w, https:\/\/constructorapancho.com\/wp-content\/uploads\/2023\/03\/PQS-MEJORA-DE-ELECTRICIDAD.jpg 1218w\" sizes=\"(max-width: 1024px) 100vw, 1024px\" \/>\t\t\t\t\t\t\t\t\t\t\t\t\t\t\t<\/div>\n\t\t\t\t<\/div>\n\t\t\t\t\t<\/div>\n\t\t<\/div>\n\t\t\t\t<div class=\"elementor-column elementor-col-50 elementor-top-column elementor-element elementor-element-3ab2f292\" data-id=\"3ab2f292\" data-element_type=\"column\">\n\t\t\t<div class=\"elementor-widget-wrap elementor-element-populated\">\n\t\t\t\t\t\t\t\t<div class=\"elementor-element elementor-element-341aadcf elementor-widget elementor-widget-heading\" data-id=\"341aadcf\" data-element_type=\"widget\" data-widget_type=\"heading.default\">\n\t\t\t\t<div class=\"elementor-widget-container\">\n\t\t\t<style>\/*! elementor - v3.11.3 - 07-03-2023 *\/\n.elementor-heading-title{padding:0;margin:0;line-height:1}.elementor-widget-heading .elementor-heading-title[class*=elementor-size-]>a{color:inherit;font-size:inherit;line-height:inherit}.elementor-widget-heading .elementor-heading-title.elementor-size-small{font-size:15px}.elementor-widget-heading .elementor-heading-title.elementor-size-medium{font-size:19px}.elementor-widget-heading .elementor-heading-title.elementor-size-large{font-size:29px}.elementor-widget-heading .elementor-heading-title.elementor-size-xl{font-size:39px}.elementor-widget-heading .elementor-heading-title.elementor-size-xxl{font-size:59px}<\/style><h2 class=\"elementor-heading-title elementor-size-default\">Instalaciones El\u00e9ctricas<\/h2>\t\t<\/div>\n\t\t\t\t<\/div>\n\t\t\t\t<div class=\"elementor-element elementor-element-62a7e579 elementor-widget elementor-widget-text-editor\" data-id=\"62a7e579\" data-element_type=\"widget\" data-widget_type=\"text-editor.default\">\n\t\t\t\t<div class=\"elementor-widget-container\">\n\t\t\t<style>\/*! elementor - v3.11.3 - 07-03-2023 *\/\n.elementor-widget-text-editor.elementor-drop-cap-view-stacked .elementor-drop-cap{background-color:#818a91;color:#fff}.elementor-widget-text-editor.elementor-drop-cap-view-framed .elementor-drop-cap{color:#818a91;border:3px solid;background-color:transparent}.elementor-widget-text-editor:not(.elementor-drop-cap-view-default) .elementor-drop-cap{margin-top:8px}.elementor-widget-text-editor:not(.elementor-drop-cap-view-default) .elementor-drop-cap-letter{width:1em;height:1em}.elementor-widget-text-editor .elementor-drop-cap{float:left;text-align:center;line-height:1;font-size:50px}.elementor-widget-text-editor .elementor-drop-cap-letter{display:inline-block}<\/style>\t\t\t\t<p>Una<strong>\u00a0instalaci\u00f3n el\u00e9ctrica<\/strong>\u00a0es aquel conjunto de circuitos el\u00e9ctricos concebido para dotar de energ\u00eda el\u00e9ctrica a edificios, inmuebles, infraestructuras, oficinas, etc. Una instalaci\u00f3n de este tipo incluye todos los equipos, cables y microsistemas necesarios para dotar de energ\u00eda al espacio y permitir la conexi\u00f3n de diferentes aparatos el\u00e9ctricos.<\/p><p>Como concepto m\u00e1s amplio, la\u00a0<strong>instalaci\u00f3n el\u00e9ctrica<\/strong>\u00a0define aquel conjunto de sistemas energ\u00e9ticos capaces de generar, transmitir, distribuir y recibir energ\u00eda el\u00e9ctrica para su posterior uso. Sin embargo, a la hora de optar por una instalaci\u00f3n el\u00e9ctrica, siempre ser\u00e1 recomendable atender a los diferentes tipos existentes.<\/p>\t\t\t\t\t\t<\/div>\n\t\t\t\t<\/div>\n\t\t\t\t<div class=\"elementor-element elementor-element-c4ee180 elementor-widget elementor-widget-button\" data-id=\"c4ee180\" data-element_type=\"widget\" data-widget_type=\"button.default\">\n\t\t\t\t<div class=\"elementor-widget-container\">\n\t\t\t\t\t<div class=\"elementor-button-wrapper\">\n\t\t\t<a href=\"https:\/\/constructorapancho.com\/?page_id=794\" class=\"elementor-button-link elementor-button elementor-size-sm\" role=\"button\">\n\t\t\t\t\t\t<span class=\"elementor-button-content-wrapper\">\n\t\t\t\t\t\t\t<span class=\"elementor-button-icon elementor-align-icon-right\">\n\t\t\t\t<i aria-hidden=\"true\" class=\"fas fa-arrow-right\"><\/i>\t\t\t<\/span>\n\t\t\t\t\t\t<span class=\"elementor-button-text\">Contactar<\/span>\n\t\t<\/span>\n\t\t\t\t\t<\/a>\n\t\t<\/div>\n\t\t\t\t<\/div>\n\t\t\t\t<\/div>\n\t\t\t\t\t<\/div>\n\t\t<\/div>\n\t\t\t\t\t\t\t<\/div>\n\t\t<\/section>\n\t\t\t\t\t\t\t<\/div>\n\t\t","protected":false},"excerpt":{"rendered":"<p>Instalaciones El\u00e9ctricas Una\u00a0instalaci\u00f3n el\u00e9ctrica\u00a0es aquel conjunto de circuitos el\u00e9ctricos concebido para dotar de energ\u00eda el\u00e9ctrica a edificios, inmuebles, infraestructuras, oficinas, etc. Una instalaci\u00f3n de este tipo incluye todos los equipos, cables y microsistemas necesarios para dotar de energ\u00eda al espacio y permitir la conexi\u00f3n de diferentes aparatos el\u00e9ctricos. Como concepto m\u00e1s amplio, la\u00a0instalaci\u00f3n el\u00e9ctrica\u00a0define aquel &hellip;<\/p>\n<p class=\"read-more\"> <a class=\"\" href=\"https:\/\/constructorapancho.com\/?page_id=779\"> <span class=\"screen-reader-text\">Instalaciones el\u00e9ctricas<\/span> Leer m\u00e1s &raquo;<\/a><\/p>\n","protected":false},"author":1,"featured_media":0,"parent":0,"menu_order":0,"comment_status":"closed","ping_status":"closed","template":"","meta":{"om_disable_all_campaigns":false,"_uag_custom_page_level_css":"","_mi_skip_tracking":false,"site-sidebar-layout":"no-sidebar","site-content-layout":"page-builder","ast-global-header-display":"","ast-main-header-display":"","ast-hfb-above-header-display":"","ast-hfb-below-header-display":"","ast-hfb-mobile-header-display":"","site-post-title":"disabled","ast-breadcrumbs-content":"","ast-featured-img":"disabled","footer-sml-layout":"","theme-transparent-header-meta":"","adv-header-id-meta":"","stick-header-meta":"","header-above-stick-meta":"","header-main-stick-meta":"","header-below-stick-meta":""},"aioseo_notices":[],"uagb_featured_image_src":{"full":false,"thumbnail":false,"medium":false,"medium_large":false,"large":false,"1536x1536":false,"2048x2048":false,"woocommerce_thumbnail":false,"woocommerce_single":false,"woocommerce_gallery_thumbnail":false},"uagb_author_info":{"display_name":"gonzalonso_u10@outlook.es","author_link":"https:\/\/constructorapancho.com\/?author=1"},"uagb_comment_info":0,"uagb_excerpt":"Instalaciones El\u00e9ctricas Una\u00a0instalaci\u00f3n el\u00e9ctrica\u00a0es aquel conjunto de circuitos el\u00e9ctricos concebido para dotar de energ\u00eda el\u00e9ctrica a edificios, inmuebles, infraestructuras, oficinas, etc. Una instalaci\u00f3n de este tipo incluye todos los equipos, cables y microsistemas necesarios para dotar de energ\u00eda al espacio y permitir la conexi\u00f3n de diferentes aparatos el\u00e9ctricos. Como concepto m\u00e1s amplio, la\u00a0instalaci\u00f3n el\u00e9ctrica\u00a0define aquel&hellip;","_links":{"self":[{"href":"https:\/\/constructorapancho.com\/index.php?rest_route=\/wp\/v2\/pages\/779"}],"collection":[{"href":"https:\/\/constructorapancho.com\/index.php?rest_route=\/wp\/v2\/pages"}],"about":[{"href":"https:\/\/constructorapancho.com\/index.php?rest_route=\/wp\/v2\/types\/page"}],"author":[{"embeddable":true,"href":"https:\/\/constructorapancho.com\/index.php?rest_route=\/wp\/v2\/users\/1"}],"replies":[{"embeddable":true,"href":"https:\/\/constructorapancho.com\/index.php?rest_route=%2Fwp%2Fv2%2Fcomments&post=779"}],"version-history":[{"count":4,"href":"https:\/\/constructorapancho.com\/index.php?rest_route=\/wp\/v2\/pages\/779\/revisions"}],"predecessor-version":[{"id":1035,"href":"https:\/\/constructorapancho.com\/index.php?rest_route=\/wp\/v2\/pages\/779\/revisions\/1035"}],"wp:attachment":[{"href":"https:\/\/constructorapancho.com\/index.php?rest_route=%2Fwp%2Fv2%2Fmedia&parent=779"}],"curies":[{"name":"wp","href":"https:\/\/api.w.org\/{rel}","templated":true}]}}