{"id":789,"date":"2023-03-11T04:32:36","date_gmt":"2023-03-11T04:32:36","guid":{"rendered":"https:\/\/constructorapancho.com\/?page_id=789"},"modified":"2023-03-14T23:19:00","modified_gmt":"2023-03-14T23:19:00","slug":"proyectos","status":"publish","type":"page","link":"https:\/\/constructorapancho.com\/?page_id=789","title":{"rendered":"Proyectos"},"content":{"rendered":"\t\t<div data-elementor-type=\"wp-page\" data-elementor-id=\"789\" class=\"elementor elementor-789\">\n\t\t\t\t\t\t\t\t\t<section class=\"elementor-section elementor-top-section elementor-element elementor-element-6576ca4 elementor-section-content-middle elementor-section-boxed elementor-section-height-default elementor-section-height-default\" data-id=\"6576ca4\" data-element_type=\"section\">\n\t\t\t\t\t\t<div class=\"elementor-container elementor-column-gap-default\">\n\t\t\t\t\t<div class=\"elementor-column elementor-col-50 elementor-top-column elementor-element elementor-element-c84711d\" data-id=\"c84711d\" data-element_type=\"column\">\n\t\t\t<div class=\"elementor-widget-wrap elementor-element-populated\">\n\t\t\t\t\t\t\t\t<div class=\"elementor-element elementor-element-e82af60 elementor-widget elementor-widget-image\" data-id=\"e82af60\" data-element_type=\"widget\" data-widget_type=\"image.default\">\n\t\t\t\t<div class=\"elementor-widget-container\">\n\t\t\t<style>\/*! elementor - v3.11.3 - 07-03-2023 *\/\n.elementor-widget-image{text-align:center}.elementor-widget-image a{display:inline-block}.elementor-widget-image a img[src$=\".svg\"]{width:48px}.elementor-widget-image img{vertical-align:middle;display:inline-block}<\/style>\t\t\t\t\t\t\t\t\t\t\t\t<img decoding=\"async\" width=\"768\" height=\"1024\" src=\"https:\/\/constructorapancho.com\/wp-content\/uploads\/2023\/03\/WhatsApp-Image-2023-03-09-at-11.45.32-PM-2-768x1024.jpeg\" class=\"attachment-large size-large wp-image-1093\" alt=\"\" loading=\"lazy\" srcset=\"https:\/\/constructorapancho.com\/wp-content\/uploads\/2023\/03\/WhatsApp-Image-2023-03-09-at-11.45.32-PM-2-768x1024.jpeg 768w, https:\/\/constructorapancho.com\/wp-content\/uploads\/2023\/03\/WhatsApp-Image-2023-03-09-at-11.45.32-PM-2-225x300.jpeg 225w, https:\/\/constructorapancho.com\/wp-content\/uploads\/2023\/03\/WhatsApp-Image-2023-03-09-at-11.45.32-PM-2-1152x1536.jpeg 1152w, https:\/\/constructorapancho.com\/wp-content\/uploads\/2023\/03\/WhatsApp-Image-2023-03-09-at-11.45.32-PM-2-600x800.jpeg 600w, https:\/\/constructorapancho.com\/wp-content\/uploads\/2023\/03\/WhatsApp-Image-2023-03-09-at-11.45.32-PM-2.jpeg 1200w\" sizes=\"(max-width: 768px) 100vw, 768px\" \/>\t\t\t\t\t\t\t\t\t\t\t\t\t\t\t<\/div>\n\t\t\t\t<\/div>\n\t\t\t\t\t<\/div>\n\t\t<\/div>\n\t\t\t\t<div class=\"elementor-column elementor-col-50 elementor-top-column elementor-element elementor-element-91ea7ea\" data-id=\"91ea7ea\" data-element_type=\"column\">\n\t\t\t<div class=\"elementor-widget-wrap elementor-element-populated\">\n\t\t\t\t\t\t\t\t<div class=\"elementor-element elementor-element-2bbb52d elementor-widget elementor-widget-heading\" data-id=\"2bbb52d\" data-element_type=\"widget\" data-widget_type=\"heading.default\">\n\t\t\t\t<div class=\"elementor-widget-container\">\n\t\t\t<style>\/*! elementor - v3.11.3 - 07-03-2023 *\/\n.elementor-heading-title{padding:0;margin:0;line-height:1}.elementor-widget-heading .elementor-heading-title[class*=elementor-size-]>a{color:inherit;font-size:inherit;line-height:inherit}.elementor-widget-heading .elementor-heading-title.elementor-size-small{font-size:15px}.elementor-widget-heading .elementor-heading-title.elementor-size-medium{font-size:19px}.elementor-widget-heading .elementor-heading-title.elementor-size-large{font-size:29px}.elementor-widget-heading .elementor-heading-title.elementor-size-xl{font-size:39px}.elementor-widget-heading .elementor-heading-title.elementor-size-xxl{font-size:59px}<\/style><h2 class=\"elementor-heading-title elementor-size-default\">EDIFICIO VILLAFLORES<\/h2>\t\t<\/div>\n\t\t\t\t<\/div>\n\t\t\t\t<div class=\"elementor-element elementor-element-33fdf4f elementor-widget elementor-widget-text-editor\" data-id=\"33fdf4f\" data-element_type=\"widget\" data-widget_type=\"text-editor.default\">\n\t\t\t\t<div class=\"elementor-widget-container\">\n\t\t\t<style>\/*! elementor - v3.11.3 - 07-03-2023 *\/\n.elementor-widget-text-editor.elementor-drop-cap-view-stacked .elementor-drop-cap{background-color:#818a91;color:#fff}.elementor-widget-text-editor.elementor-drop-cap-view-framed .elementor-drop-cap{color:#818a91;border:3px solid;background-color:transparent}.elementor-widget-text-editor:not(.elementor-drop-cap-view-default) .elementor-drop-cap{margin-top:8px}.elementor-widget-text-editor:not(.elementor-drop-cap-view-default) .elementor-drop-cap-letter{width:1em;height:1em}.elementor-widget-text-editor .elementor-drop-cap{float:left;text-align:center;line-height:1;font-size:50px}.elementor-widget-text-editor .elementor-drop-cap-letter{display:inline-block}<\/style>\t\t\t\t<p>Edificio de 6 pisos, un local comercial con ba\u00f1o completo incorporado en el primer piso, 10 departamentos de 63 m\u00b2.<\/p>\n<p>Los departamentos son de 2 dormitorios, un ba\u00f1o, sala-comedor, cocina y lavander\u00eda.<\/p><p>Actualmente se encuentran en venta y\/o alquiler.<\/p>\t\t\t\t\t\t<\/div>\n\t\t\t\t<\/div>\n\t\t\t\t<div class=\"elementor-element elementor-element-1922f14 elementor-align-center elementor-widget elementor-widget-button\" data-id=\"1922f14\" data-element_type=\"widget\" data-widget_type=\"button.default\">\n\t\t\t\t<div class=\"elementor-widget-container\">\n\t\t\t\t\t<div class=\"elementor-button-wrapper\">\n\t\t\t<a href=\"https:\/\/constructorapancho.com\/?page_id=794\" class=\"elementor-button-link elementor-button elementor-size-sm\" role=\"button\">\n\t\t\t\t\t\t<span class=\"elementor-button-content-wrapper\">\n\t\t\t\t\t\t<span class=\"elementor-button-text\">Consultar<\/span>\n\t\t<\/span>\n\t\t\t\t\t<\/a>\n\t\t<\/div>\n\t\t\t\t<\/div>\n\t\t\t\t<\/div>\n\t\t\t\t\t<\/div>\n\t\t<\/div>\n\t\t\t\t\t\t\t<\/div>\n\t\t<\/section>\n\t\t\t\t<section class=\"elementor-section elementor-top-section elementor-element elementor-element-52a8858 elementor-section-content-middle elementor-section-boxed elementor-section-height-default elementor-section-height-default\" data-id=\"52a8858\" data-element_type=\"section\">\n\t\t\t\t\t\t<div class=\"elementor-container elementor-column-gap-default\">\n\t\t\t\t\t<div class=\"elementor-column elementor-col-50 elementor-top-column elementor-element elementor-element-9993cf9\" data-id=\"9993cf9\" data-element_type=\"column\">\n\t\t\t<div class=\"elementor-widget-wrap elementor-element-populated\">\n\t\t\t\t\t\t\t\t<div class=\"elementor-element elementor-element-e005408 elementor-widget elementor-widget-heading\" data-id=\"e005408\" data-element_type=\"widget\" data-widget_type=\"heading.default\">\n\t\t\t\t<div class=\"elementor-widget-container\">\n\t\t\t<h2 class=\"elementor-heading-title elementor-size-default\">EDIFICIO UNICACHI<\/h2>\t\t<\/div>\n\t\t\t\t<\/div>\n\t\t\t\t<div class=\"elementor-element elementor-element-880d842 elementor-widget elementor-widget-text-editor\" data-id=\"880d842\" data-element_type=\"widget\" data-widget_type=\"text-editor.default\">\n\t\t\t\t<div class=\"elementor-widget-container\">\n\t\t\t\t\t\t\t<p style=\"font-size: 16px; font-style: normal; font-weight: 400;\">Edificio de 3 pisos, un local comercial con ba\u00f1o completo incorporado en el primer piso, 5 departamentos de\u00a0 69m\u00b2.<\/p><p style=\"font-size: 16px; font-style: normal; font-weight: 400;\">Los departamentos son de 3 dormitorios, uno de los dormitorios cuenta con ba\u00f1o incorporado y el otro ba\u00f1o es para uso general, en total son 2 ba\u00f1os, sala-comedor, cocina y lavander\u00eda.<\/p><p style=\"font-size: 16px; font-style: normal; font-weight: 400;\">Actualmente se encuentran en venta y\/o alquiler.<\/p>\t\t\t\t\t\t<\/div>\n\t\t\t\t<\/div>\n\t\t\t\t<div class=\"elementor-element elementor-element-6ef979f elementor-align-center elementor-widget elementor-widget-button\" data-id=\"6ef979f\" data-element_type=\"widget\" data-widget_type=\"button.default\">\n\t\t\t\t<div class=\"elementor-widget-container\">\n\t\t\t\t\t<div class=\"elementor-button-wrapper\">\n\t\t\t<a href=\"https:\/\/constructorapancho.com\/?page_id=794\" class=\"elementor-button-link elementor-button elementor-size-sm\" role=\"button\">\n\t\t\t\t\t\t<span class=\"elementor-button-content-wrapper\">\n\t\t\t\t\t\t<span class=\"elementor-button-text\">Consultar<\/span>\n\t\t<\/span>\n\t\t\t\t\t<\/a>\n\t\t<\/div>\n\t\t\t\t<\/div>\n\t\t\t\t<\/div>\n\t\t\t\t\t<\/div>\n\t\t<\/div>\n\t\t\t\t<div class=\"elementor-column elementor-col-50 elementor-top-column elementor-element elementor-element-28e8e2e\" data-id=\"28e8e2e\" data-element_type=\"column\">\n\t\t\t<div class=\"elementor-widget-wrap elementor-element-populated\">\n\t\t\t\t\t\t\t\t<div class=\"elementor-element elementor-element-6b3dfcc elementor-widget elementor-widget-image\" data-id=\"6b3dfcc\" data-element_type=\"widget\" data-widget_type=\"image.default\">\n\t\t\t\t<div class=\"elementor-widget-container\">\n\t\t\t\t\t\t\t\t\t\t\t\t\t\t\t<img decoding=\"async\" width=\"1024\" height=\"460\" src=\"https:\/\/constructorapancho.com\/wp-content\/uploads\/2023\/03\/WhatsApp-Image-2023-03-14-at-6.18.28-PM-1024x460.jpeg\" class=\"attachment-large size-large wp-image-1123\" alt=\"\" loading=\"lazy\" srcset=\"https:\/\/constructorapancho.com\/wp-content\/uploads\/2023\/03\/WhatsApp-Image-2023-03-14-at-6.18.28-PM-1024x460.jpeg 1024w, https:\/\/constructorapancho.com\/wp-content\/uploads\/2023\/03\/WhatsApp-Image-2023-03-14-at-6.18.28-PM-300x135.jpeg 300w, https:\/\/constructorapancho.com\/wp-content\/uploads\/2023\/03\/WhatsApp-Image-2023-03-14-at-6.18.28-PM-768x345.jpeg 768w, https:\/\/constructorapancho.com\/wp-content\/uploads\/2023\/03\/WhatsApp-Image-2023-03-14-at-6.18.28-PM-1536x691.jpeg 1536w, https:\/\/constructorapancho.com\/wp-content\/uploads\/2023\/03\/WhatsApp-Image-2023-03-14-at-6.18.28-PM-600x270.jpeg 600w, https:\/\/constructorapancho.com\/wp-content\/uploads\/2023\/03\/WhatsApp-Image-2023-03-14-at-6.18.28-PM.jpeg 1599w\" sizes=\"(max-width: 1024px) 100vw, 1024px\" \/>\t\t\t\t\t\t\t\t\t\t\t\t\t\t\t<\/div>\n\t\t\t\t<\/div>\n\t\t\t\t\t<\/div>\n\t\t<\/div>\n\t\t\t\t\t\t\t<\/div>\n\t\t<\/section>\n\t\t\t\t\t\t\t<\/div>\n\t\t","protected":false},"excerpt":{"rendered":"<p>EDIFICIO VILLAFLORES Edificio de 6 pisos, un local comercial con ba\u00f1o completo incorporado en el primer piso, 10 departamentos de 63 m\u00b2. Los departamentos son de 2 dormitorios, un ba\u00f1o, sala-comedor, cocina y lavander\u00eda. Actualmente se encuentran en venta y\/o alquiler. Consultar EDIFICIO UNICACHI Edificio de 3 pisos, un local comercial con ba\u00f1o completo incorporado &hellip;<\/p>\n<p class=\"read-more\"> <a class=\"\" href=\"https:\/\/constructorapancho.com\/?page_id=789\"> <span class=\"screen-reader-text\">Proyectos<\/span> Leer m\u00e1s &raquo;<\/a><\/p>\n","protected":false},"author":1,"featured_media":0,"parent":0,"menu_order":0,"comment_status":"closed","ping_status":"closed","template":"","meta":{"om_disable_all_campaigns":false,"_uag_custom_page_level_css":"","_mi_skip_tracking":false,"site-sidebar-layout":"no-sidebar","site-content-layout":"page-builder","ast-global-header-display":"","ast-main-header-display":"","ast-hfb-above-header-display":"","ast-hfb-below-header-display":"","ast-hfb-mobile-header-display":"","site-post-title":"disabled","ast-breadcrumbs-content":"","ast-featured-img":"disabled","footer-sml-layout":"","theme-transparent-header-meta":"","adv-header-id-meta":"","stick-header-meta":"","header-above-stick-meta":"","header-main-stick-meta":"","header-below-stick-meta":""},"aioseo_notices":[],"uagb_featured_image_src":{"full":false,"thumbnail":false,"medium":false,"medium_large":false,"large":false,"1536x1536":false,"2048x2048":false,"woocommerce_thumbnail":false,"woocommerce_single":false,"woocommerce_gallery_thumbnail":false},"uagb_author_info":{"display_name":"gonzalonso_u10@outlook.es","author_link":"https:\/\/constructorapancho.com\/?author=1"},"uagb_comment_info":0,"uagb_excerpt":"EDIFICIO VILLAFLORES Edificio de 6 pisos, un local comercial con ba\u00f1o completo incorporado en el primer piso, 10 departamentos de 63 m\u00b2. Los departamentos son de 2 dormitorios, un ba\u00f1o, sala-comedor, cocina y lavander\u00eda. Actualmente se encuentran en venta y\/o alquiler. Consultar EDIFICIO UNICACHI Edificio de 3 pisos, un local comercial con ba\u00f1o completo incorporado&hellip;","_links":{"self":[{"href":"https:\/\/constructorapancho.com\/index.php?rest_route=\/wp\/v2\/pages\/789"}],"collection":[{"href":"https:\/\/constructorapancho.com\/index.php?rest_route=\/wp\/v2\/pages"}],"about":[{"href":"https:\/\/constructorapancho.com\/index.php?rest_route=\/wp\/v2\/types\/page"}],"author":[{"embeddable":true,"href":"https:\/\/constructorapancho.com\/index.php?rest_route=\/wp\/v2\/users\/1"}],"replies":[{"embeddable":true,"href":"https:\/\/constructorapancho.com\/index.php?rest_route=%2Fwp%2Fv2%2Fcomments&post=789"}],"version-history":[{"count":7,"href":"https:\/\/constructorapancho.com\/index.php?rest_route=\/wp\/v2\/pages\/789\/revisions"}],"predecessor-version":[{"id":1126,"href":"https:\/\/constructorapancho.com\/index.php?rest_route=\/wp\/v2\/pages\/789\/revisions\/1126"}],"wp:attachment":[{"href":"https:\/\/constructorapancho.com\/index.php?rest_route=%2Fwp%2Fv2%2Fmedia&parent=789"}],"curies":[{"name":"wp","href":"https:\/\/api.w.org\/{rel}","templated":true}]}}